{"id":77,"date":"2023-09-14T14:48:01","date_gmt":"2023-09-14T14:48:01","guid":{"rendered":"https:\/\/seacm.put.poznan.pl\/?page_id=77"},"modified":"2023-11-29T16:28:05","modified_gmt":"2023-11-29T16:28:05","slug":"komitet-programowy","status":"publish","type":"page","link":"https:\/\/seacm.put.poznan.pl\/index.php\/komitet-programowy\/","title":{"rendered":"Komitet programowy"},"content":{"rendered":"\n<div class=\"wp-block-columns is-layout-flex wp-container-core-columns-is-layout-28f84493 wp-block-columns-is-layout-flex\">\n<div class=\"wp-block-column is-layout-flow wp-block-column-is-layout-flow\">\n<div class=\"wp-block-columns is-layout-flex wp-container-core-columns-is-layout-28f84493 wp-block-columns-is-layout-flex\">\n<div class=\"wp-block-column is-layout-flow wp-block-column-is-layout-flow\">\n<figure class=\"wp-block-image aligncenter size-full is-resized\"><img loading=\"lazy\" decoding=\"async\" width=\"777\" height=\"504\" src=\"https:\/\/seacm.put.poznan.pl\/wp-content\/uploads\/2023\/11\/ukraina.jpg\" alt=\"\" class=\"wp-image-154\" style=\"width:302px;height:auto\" srcset=\"https:\/\/seacm.put.poznan.pl\/wp-content\/uploads\/2023\/11\/ukraina.jpg 777w, https:\/\/seacm.put.poznan.pl\/wp-content\/uploads\/2023\/11\/ukraina-300x195.jpg 300w, https:\/\/seacm.put.poznan.pl\/wp-content\/uploads\/2023\/11\/ukraina-768x498.jpg 768w\" sizes=\"auto, (max-width: 777px) 100vw, 777px\" \/><\/figure>\n\n\n\n<h4 class=\"wp-block-heading\">prof. dr hab. Anatoliy Melnyczenko, prorektor ds Dydaktycznych Politechniki Kijowskiej im. Igora Sikorskiego<\/h4>\n\n\n\n<h4 class=\"wp-block-heading\">prof. dr hab. Maryna Kravchenko, <br>Dziekan Wydzia\u0142u Zarz\u0105dzania i Marketingu KPI<\/h4>\n\n\n\n<h4 class=\"wp-block-heading\">prof. dr hab. Serhii Voitko, kierownik katedry Ekonomii Mi\u0119dzynarodowej WZiM KPI \u2013 organizator seminarium<\/h4>\n<\/div>\n\n\n\n<div class=\"wp-block-column is-layout-flow wp-block-column-is-layout-flow\">\n<figure class=\"wp-block-image aligncenter size-full is-resized\"><img loading=\"lazy\" decoding=\"async\" width=\"930\" height=\"630\" src=\"https:\/\/seacm.put.poznan.pl\/wp-content\/uploads\/2023\/11\/polska.png\" alt=\"\" class=\"wp-image-153\" style=\"width:289px;height:auto\" srcset=\"https:\/\/seacm.put.poznan.pl\/wp-content\/uploads\/2023\/11\/polska.png 930w, https:\/\/seacm.put.poznan.pl\/wp-content\/uploads\/2023\/11\/polska-300x203.png 300w, https:\/\/seacm.put.poznan.pl\/wp-content\/uploads\/2023\/11\/polska-768x520.png 768w\" sizes=\"auto, (max-width: 930px) 100vw, 930px\" \/><\/figure>\n\n\n\n<h4 class=\"wp-block-heading\">prof. PP dr hab. Hanna W\u0142odarkiewicz-Klimek, Dziekan Wydzia\u0142u In\u017cynierii Zarz\u0105dzania PP<\/h4>\n\n\n\n<h4 class=\"wp-block-heading\">prof. PP dr hab. Joanna Ka\u0142kowska, Dyrektor Instytutu Zarz\u0105dzania i System\u00f3w Informacyjnych WIZ PP<\/h4>\n\n\n\n<h4 class=\"wp-block-heading\">dr Oksana Erdeli adiunkt Zak\u0142ad Przedsi\u0119biorczo\u015bci i Komunikacji w Biznesie WIZ PP &#8211; organizator seminarium<\/h4>\n<\/div>\n<\/div>\n<\/div>\n<\/div>\n","protected":false},"excerpt":{"rendered":"<p>prof. dr hab. Anatoliy Melnyczenko, prorektor ds Dydaktycznych Politechniki Kijowskiej im. Igora Sikorskiego prof. dr hab. Maryna Kravchenko, Dziekan Wydzia\u0142u Zarz\u0105dzania i Marketingu KPI prof. dr hab. Serhii Voitko, kierownik katedry Ekonomii Mi\u0119dzynarodowej WZiM KPI \u2013 organizator seminarium prof. PP dr hab. Hanna W\u0142odarkiewicz-Klimek, Dziekan Wydzia\u0142u In\u017cynierii Zarz\u0105dzania PP prof. PP dr hab. Joanna Ka\u0142kowska, [&hellip;]<\/p>\n","protected":false},"author":1,"featured_media":0,"parent":0,"menu_order":0,"comment_status":"closed","ping_status":"closed","template":"","meta":{"_glsr_average":0,"_glsr_ranking":0,"_glsr_reviews":0,"footnotes":""},"class_list":["post-77","page","type-page","status-publish","hentry"],"_links":{"self":[{"href":"https:\/\/seacm.put.poznan.pl\/index.php\/wp-json\/wp\/v2\/pages\/77","targetHints":{"allow":["GET"]}}],"collection":[{"href":"https:\/\/seacm.put.poznan.pl\/index.php\/wp-json\/wp\/v2\/pages"}],"about":[{"href":"https:\/\/seacm.put.poznan.pl\/index.php\/wp-json\/wp\/v2\/types\/page"}],"author":[{"embeddable":true,"href":"https:\/\/seacm.put.poznan.pl\/index.php\/wp-json\/wp\/v2\/users\/1"}],"replies":[{"embeddable":true,"href":"https:\/\/seacm.put.poznan.pl\/index.php\/wp-json\/wp\/v2\/comments?post=77"}],"version-history":[{"count":7,"href":"https:\/\/seacm.put.poznan.pl\/index.php\/wp-json\/wp\/v2\/pages\/77\/revisions"}],"predecessor-version":[{"id":157,"href":"https:\/\/seacm.put.poznan.pl\/index.php\/wp-json\/wp\/v2\/pages\/77\/revisions\/157"}],"wp:attachment":[{"href":"https:\/\/seacm.put.poznan.pl\/index.php\/wp-json\/wp\/v2\/media?parent=77"}],"curies":[{"name":"wp","href":"https:\/\/api.w.org\/{rel}","templated":true}]}}