{"id":68,"date":"2023-09-14T14:29:07","date_gmt":"2023-09-14T14:29:07","guid":{"rendered":"https:\/\/seacm.put.poznan.pl\/?page_id=68"},"modified":"2023-11-20T08:40:18","modified_gmt":"2023-11-20T08:40:18","slug":"archiwum","status":"publish","type":"page","link":"https:\/\/seacm.put.poznan.pl\/index.php\/archiwum\/","title":{"rendered":"Archiwum"},"content":{"rendered":"\n<h1 class=\"wp-block-heading has-text-align-center\"><strong>SOCIAL AND ECONOMIC ASPECTS OF CRISIS MANAGEMENT<\/strong><\/h1>\n\n\n\n<p class=\"has-text-align-center\">  International Scientific Seminar<br> <br>December 6, 2022  12.45- 15.20<br>On-line<\/p>\n\n\n\n<p class=\"has-text-align-center\">Poznan University of Technology  Faculty of Engineering Management  Institute of Management and Computing Systems  Division of Entrepreneurship and Communication in Business  <br> National Technical University of Ukraine  \u201eIgor Sikorsky Kyiv Polytechnic Institute\u201d  Faculty of Management and Marketing  Department of International Economics.<\/p>\n\n\n\n<p class=\"has-text-align-center\">W dniu 6 grudnia 2022 roku odby\u0142o si\u0119 seminarium naukowe na temat spo\u0142ecznych i ekonomicznych aspekt\u00f3w w zarz\u0105dzaniu kryzysowym. Seminarium zosta\u0142o zorganizowane przez Wydzia\u0142 In\u017cynierii Zarz\u0105dzania Politechniki Pozna\u0144skiej i Wydzia\u0142 Zarz\u0105dzania i Marketingu Narodowego Uniwersytetu Technicznego Ukrainy \u201ePolitechnika Kijowska im. Igora Sikorskiego&#8221;.<\/p>\n\n\n\n<figure class=\"wp-block-image aligncenter size-full is-resized\"><img loading=\"lazy\" decoding=\"async\" width=\"605\" height=\"227\" src=\"https:\/\/seacm.put.poznan.pl\/wp-content\/uploads\/2023\/11\/Semiarium-6.12.2022.png\" alt=\"\" class=\"wp-image-81\" style=\"width:709px;height:auto\" srcset=\"https:\/\/seacm.put.poznan.pl\/wp-content\/uploads\/2023\/11\/Semiarium-6.12.2022.png 605w, https:\/\/seacm.put.poznan.pl\/wp-content\/uploads\/2023\/11\/Semiarium-6.12.2022-300x113.png 300w\" sizes=\"auto, (max-width: 605px) 100vw, 605px\" \/><\/figure>\n\n\n\n<p class=\"has-text-align-center\">Cel seminarium: om\u00f3wienie teoretycznych, praktycznych i behawioralnych zasad zarz\u0105dzania antykryzysowego na przyk\u0142adzie spo\u0142eczno\u015bci lokalnych.\u00a0<\/p>\n\n\n\n<p class=\"has-text-align-center\"><strong>Program konferencji<\/strong><\/p>\n\n\n\n<div data-wp-interactive=\"core\/file\" class=\"wp-block-file\"><object data-wp-bind--hidden=\"!state.hasPdfPreview\" hidden class=\"wp-block-file__embed\" data=\"https:\/\/seacm.put.poznan.pl\/wp-content\/uploads\/2023\/11\/Program-seminarium-PL.pdf\" type=\"application\/pdf\" style=\"width:100%;height:600px\" aria-label=\"Osadzone z Program-seminarium-PL.\"><\/object><a id=\"wp-block-file--media-d208a312-23f4-409b-b026-c594a275534a\" href=\"https:\/\/seacm.put.poznan.pl\/wp-content\/uploads\/2023\/11\/Program-seminarium-PL.pdf\">Program-seminarium-PL<\/a><a href=\"https:\/\/seacm.put.poznan.pl\/wp-content\/uploads\/2023\/11\/Program-seminarium-PL.pdf\" class=\"wp-block-file__button wp-element-button\" download aria-describedby=\"wp-block-file--media-d208a312-23f4-409b-b026-c594a275534a\">Pobierz<\/a><\/div>\n\n\n\n<div data-wp-interactive=\"core\/file\" class=\"wp-block-file\"><object data-wp-bind--hidden=\"!state.hasPdfPreview\" hidden class=\"wp-block-file__embed\" data=\"https:\/\/seacm.put.poznan.pl\/wp-content\/uploads\/2023\/11\/Program-seminarium-ENG.pdf\" type=\"application\/pdf\" style=\"width:100%;height:600px\" aria-label=\"Osadzone z Program-seminarium-ENG.\"><\/object><a id=\"wp-block-file--media-962972e8-d69f-467c-ac45-66b0e837d62b\" href=\"https:\/\/seacm.put.poznan.pl\/wp-content\/uploads\/2023\/11\/Program-seminarium-ENG.pdf\">Program-seminarium-ENG<\/a><a href=\"https:\/\/seacm.put.poznan.pl\/wp-content\/uploads\/2023\/11\/Program-seminarium-ENG.pdf\" class=\"wp-block-file__button wp-element-button\" download aria-describedby=\"wp-block-file--media-962972e8-d69f-467c-ac45-66b0e837d62b\">Pobierz<\/a><\/div>\n\n\n\n<p class=\"has-text-align-center\"><strong>ORGANIZING COMMITTEE\u00a0<\/strong><\/p>\n\n\n\n<p>Hanna W\u0142odarkiewicz-Klimek, Dr. Sc., Professor of PUT, Dean of the Faculty of Engineering Management (FEM), Poznan University of Technology&nbsp;<\/p>\n\n\n\n<p>Anatoliy Melnichenko, PhD, Professor, Vice-Rector for Academic Affairs, Igor Sikorsky Kyiv Polytechnic Institute&nbsp;<\/p>\n\n\n\n<p>Maryna Kravchenko, Dr. Sc., Professor, Dean of the Faculty of Management and Marketing (FMM),&nbsp;<\/p>\n\n\n\n<p>Igor Sikorsky Kyiv Polytechnic Institute&nbsp;<\/p>\n\n\n\n<p>Joanna Kalkowska, Professor of PUT, Director of Institute of Management and Computing Systems, FEM, Poznan University of Technology<\/p>\n\n\n\n<p>Serhii Voitko, Dr. Sc., Professor, Head of the Department of International Economics, FMM, Igor Sikorsky Kyiv Polytechnic Institute&nbsp;<\/p>\n\n\n\n<p>Teresa \u0141uczka, Dr. Sc., Professor, Head of Division of Entrepreneurship and Communication in Business, FEM, Poznan University of Technology&nbsp;<\/p>\n\n\n\n<p>Oksana Erdeli, PhD, Assistant Professor of the Division of Entrepreneurship and Communication in Business, FEM, Poznan University of Technology&nbsp;<\/p>\n\n\n\n<p>Natalia Skorobogatova, PhD, Assistant Professor of the Department of International Economics, FMM, Igor Sikorsky Kyiv Polytechnic Institute<\/p>\n\n\n\n<p>Igor Sikorsky Kyiv Polytechnic Institute&nbsp;<\/p>\n\n\n\n<p>Yevhen Revtiuk, Dr. Sc., Professor, Assistant Professor of the Division of Entrepreneurship and Communication in Business, FEM, Poznan University of Technology&nbsp;<\/p>\n\n\n\n<p>Hubert Wojciechowski, M.Eng., Institute of Logistics, FEM, Poznan University of Technology&nbsp;<\/p>\n","protected":false},"excerpt":{"rendered":"<p>SOCIAL AND ECONOMIC ASPECTS OF CRISIS MANAGEMENT International Scientific Seminar December 6, 2022 12.45- 15.20On-line Poznan University of Technology Faculty of Engineering Management Institute of Management and Computing Systems Division of Entrepreneurship and Communication in Business National Technical University of Ukraine \u201eIgor Sikorsky Kyiv Polytechnic Institute\u201d Faculty of Management and Marketing Department of International Economics. [&hellip;]<\/p>\n","protected":false},"author":1,"featured_media":0,"parent":0,"menu_order":0,"comment_status":"closed","ping_status":"closed","template":"","meta":{"_glsr_average":0,"_glsr_ranking":0,"_glsr_reviews":0,"footnotes":""},"class_list":["post-68","page","type-page","status-publish","hentry"],"_links":{"self":[{"href":"https:\/\/seacm.put.poznan.pl\/index.php\/wp-json\/wp\/v2\/pages\/68","targetHints":{"allow":["GET"]}}],"collection":[{"href":"https:\/\/seacm.put.poznan.pl\/index.php\/wp-json\/wp\/v2\/pages"}],"about":[{"href":"https:\/\/seacm.put.poznan.pl\/index.php\/wp-json\/wp\/v2\/types\/page"}],"author":[{"embeddable":true,"href":"https:\/\/seacm.put.poznan.pl\/index.php\/wp-json\/wp\/v2\/users\/1"}],"replies":[{"embeddable":true,"href":"https:\/\/seacm.put.poznan.pl\/index.php\/wp-json\/wp\/v2\/comments?post=68"}],"version-history":[{"count":2,"href":"https:\/\/seacm.put.poznan.pl\/index.php\/wp-json\/wp\/v2\/pages\/68\/revisions"}],"predecessor-version":[{"id":85,"href":"https:\/\/seacm.put.poznan.pl\/index.php\/wp-json\/wp\/v2\/pages\/68\/revisions\/85"}],"wp:attachment":[{"href":"https:\/\/seacm.put.poznan.pl\/index.php\/wp-json\/wp\/v2\/media?parent=68"}],"curies":[{"name":"wp","href":"https:\/\/api.w.org\/{rel}","templated":true}]}}