{"id":187,"date":"2023-12-07T09:24:50","date_gmt":"2023-12-07T09:24:50","guid":{"rendered":"https:\/\/seacm.put.poznan.pl\/?page_id=187"},"modified":"2023-12-07T09:33:06","modified_gmt":"2023-12-07T09:33:06","slug":"o-nas","status":"publish","type":"page","link":"https:\/\/seacm.put.poznan.pl\/index.php\/o-nas\/","title":{"rendered":"SPO\u0141ECZNE I EKONOMICZNE ASPEKTY W ZARZ\u0104DZANIU KRYZYSOWYM: DO\u015aWIADCZENIE MI\u0118DZYNARODOWE"},"content":{"rendered":"\n<div class=\"wp-block-group is-layout-constrained wp-container-core-group-is-layout-4b87db4f wp-block-group-is-layout-constrained\" style=\"margin-top:0px;margin-bottom:0px;padding-top:64px;padding-bottom:64px\">\n<div class=\"wp-block-group alignwide is-layout-flow wp-container-core-group-is-layout-c304226c wp-block-group-is-layout-flow\">\n<div class=\"wp-block-columns is-layout-flex wp-container-core-columns-is-layout-28f84493 wp-block-columns-is-layout-flex\">\n<div class=\"wp-block-column is-layout-flow wp-block-column-is-layout-flow\">\n<figure class=\"wp-block-image size-full\"><img loading=\"lazy\" decoding=\"async\" width=\"900\" height=\"900\" src=\"http:\/\/seacm.put.poznan.pl\/wp-content\/uploads\/2023\/11\/kpi-big-logo.png\" alt=\"\" class=\"wp-image-103\" srcset=\"https:\/\/seacm.put.poznan.pl\/wp-content\/uploads\/2023\/11\/kpi-big-logo.png 900w, https:\/\/seacm.put.poznan.pl\/wp-content\/uploads\/2023\/11\/kpi-big-logo-300x300.png 300w, https:\/\/seacm.put.poznan.pl\/wp-content\/uploads\/2023\/11\/kpi-big-logo-150x150.png 150w, https:\/\/seacm.put.poznan.pl\/wp-content\/uploads\/2023\/11\/kpi-big-logo-768x768.png 768w\" sizes=\"auto, (max-width: 900px) 100vw, 900px\" \/><\/figure>\n<\/div>\n\n\n\n<div class=\"wp-block-column is-layout-flow wp-block-column-is-layout-flow\">\n<figure class=\"wp-block-image size-full\"><img loading=\"lazy\" decoding=\"async\" width=\"998\" height=\"976\" src=\"http:\/\/seacm.put.poznan.pl\/wp-content\/uploads\/2023\/11\/logo-of-Human-social-and-economic-aspects-of-securityv2.png\" alt=\"\" class=\"wp-image-102\" srcset=\"https:\/\/seacm.put.poznan.pl\/wp-content\/uploads\/2023\/11\/logo-of-Human-social-and-economic-aspects-of-securityv2.png 998w, https:\/\/seacm.put.poznan.pl\/wp-content\/uploads\/2023\/11\/logo-of-Human-social-and-economic-aspects-of-securityv2-300x293.png 300w, https:\/\/seacm.put.poznan.pl\/wp-content\/uploads\/2023\/11\/logo-of-Human-social-and-economic-aspects-of-securityv2-768x751.png 768w\" sizes=\"auto, (max-width: 998px) 100vw, 998px\" \/><\/figure>\n<\/div>\n\n\n\n<div class=\"wp-block-column is-layout-flow wp-block-column-is-layout-flow\">\n<figure class=\"wp-block-image size-large\"><img loading=\"lazy\" decoding=\"async\" width=\"1024\" height=\"1024\" src=\"http:\/\/seacm.put.poznan.pl\/wp-content\/uploads\/2023\/11\/PP_znak_pelny_RGB-1024x1024.png\" alt=\"\" class=\"wp-image-104\" srcset=\"https:\/\/seacm.put.poznan.pl\/wp-content\/uploads\/2023\/11\/PP_znak_pelny_RGB-1024x1024.png 1024w, https:\/\/seacm.put.poznan.pl\/wp-content\/uploads\/2023\/11\/PP_znak_pelny_RGB-300x300.png 300w, https:\/\/seacm.put.poznan.pl\/wp-content\/uploads\/2023\/11\/PP_znak_pelny_RGB-150x150.png 150w, https:\/\/seacm.put.poznan.pl\/wp-content\/uploads\/2023\/11\/PP_znak_pelny_RGB-768x768.png 768w, https:\/\/seacm.put.poznan.pl\/wp-content\/uploads\/2023\/11\/PP_znak_pelny_RGB.png 1181w\" sizes=\"auto, (max-width: 1024px) 100vw, 1024px\" \/><\/figure>\n<\/div>\n<\/div>\n\n\n\n<p><strong>Strona seminarium: <\/strong><a href=\"https:\/\/seacm.put.poznan.pl\/\">https:\/\/seacm.put.poznan.pl\/<\/a><\/p>\n\n\n\n<p>W dniu 05.12.2023 odby\u0142o si\u0119 polsko-ukrai\u0144skie seminarium naukowe, kt\u00f3re po\u0142\u0105czy\u0142o 36 ekspert\u00f3w z Polski i Ukrainy w dyskusji na temat kluczowych aspekt\u00f3w spo\u0142ecznych i ekonomicznych w zarz\u0105dzaniu kryzysowym.<\/p>\n\n\n\n<p>Wyg\u0142oszonym przez naukowc\u00f3w i przedstawicieli samorz\u0105d\u00f3w lokalnych prezentacjom dotycz\u0105cym trzech temat\u00f3w kluczowych:<\/p>\n\n\n\n<ol class=\"wp-block-list\">\n<li>Behawioralne aspekty zarz\u0105dzania kryzysowego w spo\u0142eczno\u015bciach lokalnych<\/li>\n\n\n\n<li>Zarz\u0105dzanie kryzysowe na poziomie lokalnym: aspekty praktyczne&nbsp;<\/li>\n\n\n\n<li>Budowa potencja\u0142u przedsi\u0119biorczo\u015bci spo\u0142eczno\u015bci lokalnych w kontek\u015bcie powojennym&nbsp;<\/li>\n<\/ol>\n\n\n\n<p>towarzyszy\u0142y debaty eksperckie i dyskusja.<\/p>\n\n\n\n<p>W trakcie intensywnej wymiany do\u015bwiadcze\u0144, uczestnicy skoncentrowali si\u0119 na istotnych kwestiach zwi\u0105zanych z omawianym problemem. W kontek\u015bcie zachowa\u0144 spo\u0142ecznych i problem\u00f3w ekonomicznych zidentyfikowano kilka kluczowych zagadnie\u0144, m.in.:<\/p>\n\n\n\n<ul class=\"wp-block-list\">\n<li>poziom zaufania spo\u0142ecze\u0144stwa do w\u0142adz, zar\u00f3wno lokalnych jak i centralnych,<\/li>\n\n\n\n<li>konieczno\u015b\u0107 koordynacji dzia\u0142a\u0144 stricte kryzysowych i tych z zakresu reakcji spo\u0142ecznych (zachowa\u0144 indywidualnych lub grupowych),<\/li>\n\n\n\n<li>Kreowania elastyczno\u015bci i umiej\u0119tno\u015bci adaptacji spo\u0142eczno\u015bci lokalnych do zmiennych warunk\u00f3w podczas awarii lub kryzysu,<\/li>\n\n\n\n<li>obligatoryjna aktualizacja i komunikowanie wytycznych lub standard\u00f3w dotycz\u0105cych reagowania na sytuacje kryzysowe,<\/li>\n\n\n\n<li>monitorowania stanu otoczenia w kierunku identyfikacji zagro\u017ce\u0144 i zapobiegania problemom,<\/li>\n\n\n\n<li>cykliczna analiza wra\u017cliwo\u015bci obszar\u00f3w podatnych na zak\u0142\u00f3cenia w kontek\u015bcie ich odporno\u015bci na kryzys<\/li>\n\n\n\n<li>istotno\u015b\u0107 bie\u017c\u0105cej informacji i edukacji, a tak\u017ce doskonalenia system\u00f3w prawnych<\/li>\n\n\n\n<li>proaktywne planowanie przygotowa\u0144 spo\u0142eczno\u015bci lokalnych do potencjalnych sytuacji kryzysowych.<\/li>\n<\/ul>\n\n\n\n<p>Szczeg\u00f3lny nacisk po\u0142o\u017cono na sytuacj\u0119 Ukrainy w kontek\u015bcie agresji wojennej ze strony Rosji, gdzie wieloaspektowe podej\u015bcie do bie\u017c\u0105cej odbudowy kraju okaza\u0142o si\u0119 kluczowe.<\/p>\n\n\n\n<p>Wnioski z seminarium wskazuj\u0105 na kompleksow\u0105 natur\u0119 zarz\u0105dzania kryzysowego. &nbsp;Podkre\u015blono, \u017ce elastyczno\u015b\u0107 wsp\u00f3\u0142pracy mi\u0119dzy w\u0142adzami a spo\u0142eczno\u015bci\u0105, budowa zaufania oraz ci\u0105g\u0142e doskonalenie proces\u00f3w informacyjnych i szkoleniowych w zakresie radzenia sobie z zak\u0142\u00f3ceniami, s\u0105 kluczowe dla zwi\u0119kszenia odporno\u015bci spo\u0142eczno\u015bci na dynamiczne wyzwania.<\/p>\n\n\n\n<p>W ramach inicjatyw maj\u0105cych na celu przeciwdzia\u0142anie sytuacjom kryzysowym w obszarach spo\u0142ecznych i ekonomicznych, z\u0142o\u017cony zosta\u0142 projekt pod tytu\u0142em &#8222;Wzmocnienie potencja\u0142u spo\u0142eczno\u015bci lokalnych do przeciwdzia\u0142ania sytuacjom kryzysowym&#8221; na lata 2024-2026. Mi\u0119dzynarodowy zesp\u00f3\u0142 naukowc\u00f3w b\u0119dzie realizowa\u0142 badania, staraj\u0105c si\u0119 odpowiedzi na kompleksowe wyzwania przedstawione podczas seminarium.<\/p>\n\n\n\n<p>Seminarium stanowi\u0142o te\u017c istotny krok w kierunku budowy wsp\u00f3\u0142pracy mi\u0119dzynarodowej oraz identyfikacji skutecznych spo\u0142ecznych strategii w zarz\u0105dzaniu kryzysowym i budowaniu spo\u0142eczno\u015bci odpornych na zmienne warunki i wyzwania wsp\u00f3\u0142czesnego \u015bwiata.<\/p>\n\n\n\n<p>W imieniu organizator\u00f3w polsko-ukrai\u0144skiego seminarium naukowego<\/p>\n\n\n\n<p>&nbsp;dr Oksana Erdeli oraz prof. Serhii Voitko<\/p>\n<\/div>\n<\/div>\n\n\n\n<figure class=\"wp-block-gallery has-nested-images columns-default is-cropped wp-block-gallery-1 is-layout-flex wp-block-gallery-is-layout-flex\">\n<figure class=\"wp-block-image size-large\"><img loading=\"lazy\" decoding=\"async\" width=\"1024\" height=\"576\" data-id=\"193\" src=\"https:\/\/seacm.put.poznan.pl\/wp-content\/uploads\/2023\/12\/5-1024x576.jpg\" alt=\"\" class=\"wp-image-193\" srcset=\"https:\/\/seacm.put.poznan.pl\/wp-content\/uploads\/2023\/12\/5-1024x576.jpg 1024w, https:\/\/seacm.put.poznan.pl\/wp-content\/uploads\/2023\/12\/5-300x169.jpg 300w, https:\/\/seacm.put.poznan.pl\/wp-content\/uploads\/2023\/12\/5-768x432.jpg 768w, https:\/\/seacm.put.poznan.pl\/wp-content\/uploads\/2023\/12\/5-1536x864.jpg 1536w, https:\/\/seacm.put.poznan.pl\/wp-content\/uploads\/2023\/12\/5.jpg 1920w\" sizes=\"auto, (max-width: 1024px) 100vw, 1024px\" \/><\/figure>\n\n\n\n<figure class=\"wp-block-image size-large\"><img loading=\"lazy\" decoding=\"async\" width=\"1024\" height=\"576\" data-id=\"194\" src=\"https:\/\/seacm.put.poznan.pl\/wp-content\/uploads\/2023\/12\/16-1024x576.jpg\" alt=\"\" class=\"wp-image-194\" srcset=\"https:\/\/seacm.put.poznan.pl\/wp-content\/uploads\/2023\/12\/16-1024x576.jpg 1024w, https:\/\/seacm.put.poznan.pl\/wp-content\/uploads\/2023\/12\/16-300x169.jpg 300w, https:\/\/seacm.put.poznan.pl\/wp-content\/uploads\/2023\/12\/16-768x432.jpg 768w, https:\/\/seacm.put.poznan.pl\/wp-content\/uploads\/2023\/12\/16-1536x864.jpg 1536w, https:\/\/seacm.put.poznan.pl\/wp-content\/uploads\/2023\/12\/16.jpg 1920w\" sizes=\"auto, (max-width: 1024px) 100vw, 1024px\" \/><\/figure>\n\n\n\n<figure class=\"wp-block-image size-large\"><img loading=\"lazy\" decoding=\"async\" width=\"1024\" height=\"576\" data-id=\"190\" src=\"https:\/\/seacm.put.poznan.pl\/wp-content\/uploads\/2023\/12\/17-1024x576.jpg\" alt=\"\" class=\"wp-image-190\" srcset=\"https:\/\/seacm.put.poznan.pl\/wp-content\/uploads\/2023\/12\/17-1024x576.jpg 1024w, https:\/\/seacm.put.poznan.pl\/wp-content\/uploads\/2023\/12\/17-300x169.jpg 300w, https:\/\/seacm.put.poznan.pl\/wp-content\/uploads\/2023\/12\/17-768x432.jpg 768w, https:\/\/seacm.put.poznan.pl\/wp-content\/uploads\/2023\/12\/17-1536x864.jpg 1536w, https:\/\/seacm.put.poznan.pl\/wp-content\/uploads\/2023\/12\/17.jpg 1920w\" sizes=\"auto, (max-width: 1024px) 100vw, 1024px\" \/><\/figure>\n\n\n\n<figure class=\"wp-block-image size-large\"><img loading=\"lazy\" decoding=\"async\" width=\"1024\" height=\"576\" data-id=\"191\" src=\"https:\/\/seacm.put.poznan.pl\/wp-content\/uploads\/2023\/12\/23-1024x576.jpg\" alt=\"\" class=\"wp-image-191\" srcset=\"https:\/\/seacm.put.poznan.pl\/wp-content\/uploads\/2023\/12\/23-1024x576.jpg 1024w, https:\/\/seacm.put.poznan.pl\/wp-content\/uploads\/2023\/12\/23-300x169.jpg 300w, https:\/\/seacm.put.poznan.pl\/wp-content\/uploads\/2023\/12\/23-768x432.jpg 768w, https:\/\/seacm.put.poznan.pl\/wp-content\/uploads\/2023\/12\/23-1536x864.jpg 1536w, https:\/\/seacm.put.poznan.pl\/wp-content\/uploads\/2023\/12\/23.jpg 1920w\" sizes=\"auto, (max-width: 1024px) 100vw, 1024px\" \/><\/figure>\n\n\n\n<figure class=\"wp-block-image size-large\"><img loading=\"lazy\" decoding=\"async\" width=\"1024\" height=\"576\" data-id=\"192\" src=\"https:\/\/seacm.put.poznan.pl\/wp-content\/uploads\/2023\/12\/26-1024x576.jpg\" alt=\"\" class=\"wp-image-192\" srcset=\"https:\/\/seacm.put.poznan.pl\/wp-content\/uploads\/2023\/12\/26-1024x576.jpg 1024w, https:\/\/seacm.put.poznan.pl\/wp-content\/uploads\/2023\/12\/26-300x169.jpg 300w, https:\/\/seacm.put.poznan.pl\/wp-content\/uploads\/2023\/12\/26-768x432.jpg 768w, https:\/\/seacm.put.poznan.pl\/wp-content\/uploads\/2023\/12\/26-1536x864.jpg 1536w, https:\/\/seacm.put.poznan.pl\/wp-content\/uploads\/2023\/12\/26.jpg 1920w\" sizes=\"auto, (max-width: 1024px) 100vw, 1024px\" \/><\/figure>\n\n\n\n<figure class=\"wp-block-image size-large\"><img loading=\"lazy\" decoding=\"async\" width=\"1024\" height=\"768\" data-id=\"195\" src=\"https:\/\/seacm.put.poznan.pl\/wp-content\/uploads\/2023\/12\/IMG_3720-1024x768.jpg\" alt=\"\" class=\"wp-image-195\" srcset=\"https:\/\/seacm.put.poznan.pl\/wp-content\/uploads\/2023\/12\/IMG_3720-1024x768.jpg 1024w, https:\/\/seacm.put.poznan.pl\/wp-content\/uploads\/2023\/12\/IMG_3720-300x225.jpg 300w, https:\/\/seacm.put.poznan.pl\/wp-content\/uploads\/2023\/12\/IMG_3720-768x576.jpg 768w, https:\/\/seacm.put.poznan.pl\/wp-content\/uploads\/2023\/12\/IMG_3720-1536x1152.jpg 1536w, https:\/\/seacm.put.poznan.pl\/wp-content\/uploads\/2023\/12\/IMG_3720-2048x1536.jpg 2048w\" sizes=\"auto, (max-width: 1024px) 100vw, 1024px\" \/><\/figure>\n<\/figure>\n\n\n<div class=\"glsr glsr-default\" id=\"glsr_e6cc031a\" data-from='block' data-shortcode='site_reviews_summary'><div class=\"glsr-summary-wrap\">\n    <div class=\"glsr-summary\">\n        <div class=\"glsr-summary-rating\"><span class=\"glsr-tag-value\">5,0<\/span><\/div>\n        <div class=\"glsr-summary-stars\"><div class=\"glsr-star-rating glsr-stars\" data-rating=\"5,0\" data-reviews=\"0\">\n    <span class=\"screen-reader-text\">Rated 5,0 out of 5<\/span>\n    <span class=\"glsr-star glsr-star-full\" aria-hidden=\"true\"><\/span><span class=\"glsr-star glsr-star-full\" aria-hidden=\"true\"><\/span><span class=\"glsr-star glsr-star-full\" aria-hidden=\"true\"><\/span><span class=\"glsr-star glsr-star-full\" aria-hidden=\"true\"><\/span><span class=\"glsr-star glsr-star-full\" aria-hidden=\"true\"><\/span>\n<\/div><\/div>\n        <div class=\"glsr-summary-text\"><span class=\"glsr-tag-value\">5,0 out of 5 stars (based on 1 review)<\/span><\/div>\n        <div class=\"glsr-summary-percentages\"><div class=\"glsr-bar\" data-level='5'><span class=\"glsr-bar-label\">Excellent<\/span><span class=\"glsr-bar-background\"><span class=\"glsr-bar-background-percent\" style=\"width:100%\"><\/span><\/span><span class=\"glsr-bar-percent\">100%<\/span><\/div><div class=\"glsr-bar\" data-level='4'><span class=\"glsr-bar-label\">Very good<\/span><span class=\"glsr-bar-background\"><span class=\"glsr-bar-background-percent\" style=\"width:0%\"><\/span><\/span><span class=\"glsr-bar-percent\">0%<\/span><\/div><div class=\"glsr-bar\" data-level='3'><span class=\"glsr-bar-label\">Average<\/span><span class=\"glsr-bar-background\"><span class=\"glsr-bar-background-percent\" style=\"width:0%\"><\/span><\/span><span class=\"glsr-bar-percent\">0%<\/span><\/div><div class=\"glsr-bar\" data-level='2'><span class=\"glsr-bar-label\">Poor<\/span><span class=\"glsr-bar-background\"><span class=\"glsr-bar-background-percent\" style=\"width:0%\"><\/span><\/span><span class=\"glsr-bar-percent\">0%<\/span><\/div><div class=\"glsr-bar\" data-level='1'><span class=\"glsr-bar-label\">Terrible<\/span><span class=\"glsr-bar-background\"><span class=\"glsr-bar-background-percent\" style=\"width:0%\"><\/span><\/span><span class=\"glsr-bar-percent\">0%<\/span><\/div><\/div>\n    <\/div>\n<\/div><\/div>\n\n<div class=\"glsr glsr-default\" id=\"glsr_96588ec5\" data-from='block' data-shortcode='site_reviews'><div class=\"glsr-reviews-wrap\">\n    <div class=\"glsr-reviews\">\n        <div class=\"glsr-review\" data-type=\"local\" id=\"review-200\" data-assigned='[]'>\n    <div class=\"glsr-review-title\"><h4 class=\"glsr-tag-value\">Exchange of experience<\/h4><\/div>\n    <div class=\"glsr-review-rating\"><div class=\"glsr-star-rating glsr-stars\" data-rating=\"5,0\" data-reviews=\"0\">\n    <span class=\"screen-reader-text\">Rated 5,0 out of 5<\/span>\n    <span class=\"glsr-star glsr-star-full\" aria-hidden=\"true\"><\/span><span class=\"glsr-star glsr-star-full\" aria-hidden=\"true\"><\/span><span class=\"glsr-star glsr-star-full\" aria-hidden=\"true\"><\/span><span class=\"glsr-star glsr-star-full\" aria-hidden=\"true\"><\/span><span class=\"glsr-star glsr-star-full\" aria-hidden=\"true\"><\/span>\n<\/div><\/div> <div class=\"glsr-review-date\"><span class=\"glsr-tag-value\">11 grudnia, 2023<\/span><\/div>\n    \n    <div class=\"glsr-review-content\"><div class=\"glsr-tag-value\" data-expanded='false'><p>The seminar was an interesting platform for exchanging experiences in crisis management.<\/p><\/div><\/div>\n     <div class=\"glsr-review-author\"><span class=\"glsr-tag-value\">Grzegorz Dahlke<\/span><\/div> \n    \n<\/div>\n    <\/div>\n    \n<\/div><\/div>\n\n<div class=\"glsr glsr-default\" id=\"glsr_98c307fc\" data-from='block' data-shortcode='site_reviews_form'><div class=\"glsr-form-wrap\">\n    <form class=\"glsr-review-form glsr-form\" method=\"post\" enctype=\"multipart\/form-data\">\n        <input name=\"site-reviews[_action]\" type=\"hidden\" value=\"submit-review\"><input name=\"site-reviews[_nonce]\" type=\"hidden\" value=\"d10f7fc0e1\"><input name=\"site-reviews[_post_id]\" type=\"hidden\" value=\"187\"><input name=\"site-reviews[_referer]\" type=\"hidden\" value=\"\/index.php\/wp-json\/wp\/v2\/pages\/187\"><input name=\"site-reviews[assigned_posts]\" type=\"hidden\" value=\"\"><input name=\"site-reviews[assigned_terms]\" type=\"hidden\" value=\"\"><input name=\"site-reviews[assigned_users]\" type=\"hidden\" value=\"\"><input name=\"site-reviews[excluded]\" type=\"hidden\" value=\"\"><input name=\"site-reviews[form_id]\" type=\"hidden\" value=\"glsr_98c307fc\"><input name=\"site-reviews[terms_exist]\" type=\"hidden\" value=\"1\"><div class=\"glsr-field\" style=\"display:none;\"><label class=\"glsr-label glsr-label-text\" for=\"site-reviews-7734bdc9-glsr_98c307fc\"><span>Your review<\/span><\/label><input class=\"glsr-input glsr-input-text\" id=\"site-reviews-7734bdc9-glsr_98c307fc\" name=\"site-reviews[7734bdc9]\" type=\"text\" value=\"\"><\/div><div class=\"glsr-field glsr-field-rating glsr-required\" data-field=\"rating\">\n    <label class=\"glsr-label glsr-label-rating\" for=\"site-reviews-rating-glsr_98c307fc\"><span>Your overall rating<\/span><\/label>\n    <select class=\"glsr-select browser-default no_wrap no-wrap\" id=\"site-reviews-rating-glsr_98c307fc\" name=\"site-reviews[rating]\" required><option selected value=\"\">Select a Rating<\/option><option value=\"5\">5 Stars<\/option><option value=\"4\">4 Stars<\/option><option value=\"3\">3 Stars<\/option><option value=\"2\">2 Stars<\/option><option value=\"1\">1 Star<\/option><\/select>\n    <div class=\"glsr-field-error\"><\/div>\n<\/div><div class=\"glsr-field glsr-field-text glsr-required\" data-field=\"title\">\n    <label class=\"glsr-label glsr-label-text\" for=\"site-reviews-title-glsr_98c307fc\"><span>Title of your review<\/span><\/label>\n    <input class=\"glsr-input glsr-input-text\" id=\"site-reviews-title-glsr_98c307fc\" name=\"site-reviews[title]\" type=\"text\" placeholder=\"Summarize your review or highlight an interesting detail\" required value=\"\">\n    <div class=\"glsr-field-error\"><\/div>\n<\/div><div class=\"glsr-field glsr-field-textarea glsr-required\" data-field=\"content\">\n    <label class=\"glsr-label glsr-label-textarea\" for=\"site-reviews-content-glsr_98c307fc\"><span>Your review<\/span><\/label>\n    <textarea class=\"glsr-textarea\" id=\"site-reviews-content-glsr_98c307fc\" name=\"site-reviews[content]\" placeholder=\"Tell people your review\" rows=\"5\" required><\/textarea>\n    <div class=\"glsr-field-error\"><\/div>\n<\/div><div class=\"glsr-field glsr-field-text glsr-required\" data-field=\"name\">\n    <label class=\"glsr-label glsr-label-text\" for=\"site-reviews-name-glsr_98c307fc\"><span>Your name<\/span><\/label>\n    <input class=\"glsr-input glsr-input-text\" id=\"site-reviews-name-glsr_98c307fc\" name=\"site-reviews[name]\" type=\"text\" placeholder=\"Tell us your name\" required value=\"\">\n    <div class=\"glsr-field-error\"><\/div>\n<\/div><div class=\"glsr-field glsr-field-email glsr-required\" data-field=\"email\">\n    <label class=\"glsr-label glsr-label-email\" for=\"site-reviews-email-glsr_98c307fc\"><span>Your email<\/span><\/label>\n    <input class=\"glsr-input glsr-input-email\" id=\"site-reviews-email-glsr_98c307fc\" name=\"site-reviews[email]\" type=\"email\" placeholder=\"Tell us your email\" required value=\"\">\n    <div class=\"glsr-field-error\"><\/div>\n<\/div><div class=\"glsr-field glsr-field-choice glsr-required\" data-field=\"terms\">\n    \n    <span class=\"glsr-field-toggle\">\n    <span class=\"glsr-toggle\">\n        <label for=\"site-reviews-terms-glsr_98c307fc-1\">This review is based on my own experience and is my genuine opinion.<\/label>\n        <span class=\"glsr-toggle-switch\">\n            <input class=\"glsr-input-toggle\" id=\"site-reviews-terms-glsr_98c307fc-1\" name=\"site-reviews[terms]\" type=\"checkbox\" value=\"1\" required> &#8203; <!-- zero-space character used for alignment -->\n            <span class=\"glsr-toggle-track\"><\/span>\n        <\/span>\n    <\/span>\n<\/span>\n    <div class=\"glsr-field-error\"><\/div>\n<\/div>\n        <div class=\"glsr-form-message\">\n    \n<\/div>\n        <div data-field=\"submit-button\">\n    <div class=\"wp-block-button\">\n        <button type=\"submit\" class=\"glsr-button wp-block-button__link\" \n            aria-busy=\"false\"\n            data-loading=\"Submitting, please wait...\" \n        >Submit your review<\/button>\n    <\/div>\n<\/div>\n    <\/form>\n<\/div><\/div>","protected":false},"excerpt":{"rendered":"<p>Strona seminarium: https:\/\/seacm.put.poznan.pl\/ W dniu 05.12.2023 odby\u0142o si\u0119 polsko-ukrai\u0144skie seminarium naukowe, kt\u00f3re po\u0142\u0105czy\u0142o 36 ekspert\u00f3w z Polski i Ukrainy w dyskusji na temat kluczowych aspekt\u00f3w spo\u0142ecznych i ekonomicznych w zarz\u0105dzaniu kryzysowym. Wyg\u0142oszonym przez naukowc\u00f3w i przedstawicieli samorz\u0105d\u00f3w lokalnych prezentacjom dotycz\u0105cym trzech temat\u00f3w kluczowych: towarzyszy\u0142y debaty eksperckie i dyskusja. W trakcie intensywnej wymiany do\u015bwiadcze\u0144, uczestnicy skoncentrowali [&hellip;]<\/p>\n","protected":false},"author":1,"featured_media":0,"parent":0,"menu_order":0,"comment_status":"closed","ping_status":"closed","template":"","meta":{"_glsr_average":0,"_glsr_ranking":0,"_glsr_reviews":0,"footnotes":""},"class_list":["post-187","page","type-page","status-publish","hentry"],"_links":{"self":[{"href":"https:\/\/seacm.put.poznan.pl\/index.php\/wp-json\/wp\/v2\/pages\/187","targetHints":{"allow":["GET"]}}],"collection":[{"href":"https:\/\/seacm.put.poznan.pl\/index.php\/wp-json\/wp\/v2\/pages"}],"about":[{"href":"https:\/\/seacm.put.poznan.pl\/index.php\/wp-json\/wp\/v2\/types\/page"}],"author":[{"embeddable":true,"href":"https:\/\/seacm.put.poznan.pl\/index.php\/wp-json\/wp\/v2\/users\/1"}],"replies":[{"embeddable":true,"href":"https:\/\/seacm.put.poznan.pl\/index.php\/wp-json\/wp\/v2\/comments?post=187"}],"version-history":[{"count":4,"href":"https:\/\/seacm.put.poznan.pl\/index.php\/wp-json\/wp\/v2\/pages\/187\/revisions"}],"predecessor-version":[{"id":198,"href":"https:\/\/seacm.put.poznan.pl\/index.php\/wp-json\/wp\/v2\/pages\/187\/revisions\/198"}],"wp:attachment":[{"href":"https:\/\/seacm.put.poznan.pl\/index.php\/wp-json\/wp\/v2\/media?parent=187"}],"curies":[{"name":"wp","href":"https:\/\/api.w.org\/{rel}","templated":true}]}}